{"id":67060,"date":"2022-03-07T21:45:27","date_gmt":"2022-03-07T20:45:27","guid":{"rendered":"https:\/\/dev.domizil-immobilien.de\/otisak\/"},"modified":"2023-03-01T19:17:52","modified_gmt":"2023-03-01T18:17:52","slug":"impressum","status":"publish","type":"page","link":"https:\/\/dev.domizil-immobilien.de\/hr\/impressum\/","title":{"rendered":"Impressum"},"content":{"rendered":"<h4 style=\"font-weight: 400;\"><strong>Domizil d.o.o. Immobilien<\/strong><br \/>\nVizinada \/ Hrvatska<br \/>\nE-Mail: <a href=\"mailto:info@dev.domizil-immobilien.de\">domizil@pu.t-com.hr<\/a><\/h4>\n<p style=\"font-weight: 400;\">Vi\u017einada 21<br \/>\n52447, Vi\u017einada<br \/>\nHrvatska<\/p>\n<p style=\"font-weight: 400;\">Telefon: +385 (0) 989685986<br \/>\nMobil: +385 (0) 989685986<\/p>\n<p style=\"font-weight: 400;\">Registrirano pri Trgova\u010dkom sudu Rijeka Hrvatska \/\/ MBS 040078238, Direktor Brigitte Franz<\/p>\n","protected":false},"excerpt":{"rendered":"<p>Domizil d.o.o. Immobilien Vizinada \/ Hrvatska E-Mail: domizil@pu.t-com.hr Vi\u017einada 21 52447, Vi\u017einada Hrvatska Telefon: +385 (0) 989685986 Mobil: +385 (0) 989685986 Registrirano pri Trgova\u010dkom sudu Rijeka Hrvatska \/\/ MBS 040078238, Direktor Brigitte Franz<\/p>\n","protected":false},"author":1,"featured_media":0,"parent":0,"menu_order":0,"comment_status":"closed","ping_status":"closed","template":"","meta":{"footnotes":""},"class_list":["post-67060","page","type-page","status-publish","hentry"],"acf":[],"yoast_head":"<!-- This site is optimized with the Yoast SEO plugin v20.9 - https:\/\/yoast.com\/wordpress\/plugins\/seo\/ -->\n<title>Impressum - DOMIZIL d.o.o. Immobilien<\/title>\n<meta name=\"robots\" content=\"index, follow, max-snippet:-1, max-image-preview:large, max-video-preview:-1\" \/>\n<link rel=\"canonical\" href=\"https:\/\/dev.domizil-immobilien.de\/hr\/impressum\/\" \/>\n<meta property=\"og:locale\" content=\"hr_HR\" \/>\n<meta property=\"og:type\" content=\"article\" \/>\n<meta property=\"og:title\" content=\"Impressum - DOMIZIL d.o.o. Immobilien\" \/>\n<meta property=\"og:description\" content=\"Domizil d.o.o. Immobilien Vizinada \/ Hrvatska E-Mail: domizil@pu.t-com.hr Vi\u017einada 21 52447, Vi\u017einada Hrvatska Telefon: +385 (0) 989685986 Mobil: +385 (0) 989685986 Registrirano pri Trgova\u010dkom sudu Rijeka Hrvatska \/\/ MBS 040078238, Direktor Brigitte Franz\" \/>\n<meta property=\"og:url\" content=\"https:\/\/dev.domizil-immobilien.de\/hr\/impressum\/\" \/>\n<meta property=\"og:site_name\" content=\"DOMIZIL d.o.o. Immobilien\" \/>\n<meta property=\"article:publisher\" content=\"https:\/\/www.facebook.com\/domizil.d.o.o.immobilien\" \/>\n<meta property=\"article:modified_time\" content=\"2023-03-01T18:17:52+00:00\" \/>\n<meta name=\"twitter:card\" content=\"summary_large_image\" \/>\n<meta name=\"twitter:site\" content=\"@domizil_doo\" \/>\n<script type=\"application\/ld+json\" class=\"yoast-schema-graph\">{\"@context\":\"https:\/\/schema.org\",\"@graph\":[{\"@type\":\"WebPage\",\"@id\":\"https:\/\/dev.domizil-immobilien.de\/hr\/impressum\/\",\"url\":\"https:\/\/dev.domizil-immobilien.de\/hr\/impressum\/\",\"name\":\"Impressum - DOMIZIL d.o.o. Immobilien\",\"isPartOf\":{\"@id\":\"https:\/\/dev.domizil-immobilien.de\/hr\/#website\"},\"datePublished\":\"2022-03-07T20:45:27+00:00\",\"dateModified\":\"2023-03-01T18:17:52+00:00\",\"inLanguage\":\"hr\",\"potentialAction\":[{\"@type\":\"ReadAction\",\"target\":[\"https:\/\/dev.domizil-immobilien.de\/hr\/impressum\/\"]}]},{\"@type\":\"WebSite\",\"@id\":\"https:\/\/dev.domizil-immobilien.de\/hr\/#website\",\"url\":\"https:\/\/dev.domizil-immobilien.de\/hr\/\",\"name\":\"DOMIZIL d.o.o. Immobilien\",\"description\":\"Va\u0161 stru\u010dnjak za nekretnine u Istri\",\"publisher\":{\"@id\":\"https:\/\/dev.domizil-immobilien.de\/hr\/#organization\"},\"potentialAction\":[{\"@type\":\"SearchAction\",\"target\":{\"@type\":\"EntryPoint\",\"urlTemplate\":\"https:\/\/dev.domizil-immobilien.de\/hr\/?s={search_term_string}\"},\"query-input\":\"required name=search_term_string\"}],\"inLanguage\":\"hr\"},{\"@type\":\"Organization\",\"@id\":\"https:\/\/dev.domizil-immobilien.de\/hr\/#organization\",\"name\":\"DOMIZIL d.o.o. Immobilien\",\"url\":\"https:\/\/dev.domizil-immobilien.de\/hr\/\",\"logo\":{\"@type\":\"ImageObject\",\"inLanguage\":\"hr\",\"@id\":\"https:\/\/dev.domizil-immobilien.de\/hr\/#\/schema\/logo\/image\/\",\"url\":\"https:\/\/mlxcr48toaxb.i.optimole.com\/cb:QG4g.13c58\/w:auto\/h:auto\/q:mauto\/https:\/\/dev.domizil-immobilien.de\/wp-content\/uploads\/2020\/02\/logo_domizil_immobilien_weiss-hg-1.svg\",\"contentUrl\":\"https:\/\/mlxcr48toaxb.i.optimole.com\/cb:QG4g.13c58\/w:auto\/h:auto\/q:mauto\/https:\/\/dev.domizil-immobilien.de\/wp-content\/uploads\/2020\/02\/logo_domizil_immobilien_weiss-hg-1.svg\",\"width\":529,\"height\":490,\"caption\":\"DOMIZIL d.o.o. Immobilien\"},\"image\":{\"@id\":\"https:\/\/dev.domizil-immobilien.de\/hr\/#\/schema\/logo\/image\/\"},\"sameAs\":[\"https:\/\/www.facebook.com\/domizil.d.o.o.immobilien\",\"https:\/\/twitter.com\/domizil_doo\",\"https:\/\/www.instagram.com\/domizil.d.o.o.immobilien\",\"https:\/\/www.linkedin.com\/company\/domizil-doo\",\"https:\/\/pinterest.com\/domizil_doo\",\"https:\/\/youtube.com\/channel\/UCWyM5cmlbGjR0fEIKPd5jnA\"]}]}<\/script>\n<!-- \/ Yoast SEO plugin. -->","yoast_head_json":{"title":"Impressum - DOMIZIL d.o.o. Immobilien","robots":{"index":"index","follow":"follow","max-snippet":"max-snippet:-1","max-image-preview":"max-image-preview:large","max-video-preview":"max-video-preview:-1"},"canonical":"https:\/\/dev.domizil-immobilien.de\/hr\/impressum\/","og_locale":"hr_HR","og_type":"article","og_title":"Impressum - DOMIZIL d.o.o. Immobilien","og_description":"Domizil d.o.o. Immobilien Vizinada \/ Hrvatska E-Mail: domizil@pu.t-com.hr Vi\u017einada 21 52447, Vi\u017einada Hrvatska Telefon: +385 (0) 989685986 Mobil: +385 (0) 989685986 Registrirano pri Trgova\u010dkom sudu Rijeka Hrvatska \/\/ MBS 040078238, Direktor Brigitte Franz","og_url":"https:\/\/dev.domizil-immobilien.de\/hr\/impressum\/","og_site_name":"DOMIZIL d.o.o. Immobilien","article_publisher":"https:\/\/www.facebook.com\/domizil.d.o.o.immobilien","article_modified_time":"2023-03-01T18:17:52+00:00","twitter_card":"summary_large_image","twitter_site":"@domizil_doo","schema":{"@context":"https:\/\/schema.org","@graph":[{"@type":"WebPage","@id":"https:\/\/dev.domizil-immobilien.de\/hr\/impressum\/","url":"https:\/\/dev.domizil-immobilien.de\/hr\/impressum\/","name":"Impressum - DOMIZIL d.o.o. Immobilien","isPartOf":{"@id":"https:\/\/dev.domizil-immobilien.de\/hr\/#website"},"datePublished":"2022-03-07T20:45:27+00:00","dateModified":"2023-03-01T18:17:52+00:00","inLanguage":"hr","potentialAction":[{"@type":"ReadAction","target":["https:\/\/dev.domizil-immobilien.de\/hr\/impressum\/"]}]},{"@type":"WebSite","@id":"https:\/\/dev.domizil-immobilien.de\/hr\/#website","url":"https:\/\/dev.domizil-immobilien.de\/hr\/","name":"DOMIZIL d.o.o. Immobilien","description":"Va\u0161 stru\u010dnjak za nekretnine u Istri","publisher":{"@id":"https:\/\/dev.domizil-immobilien.de\/hr\/#organization"},"potentialAction":[{"@type":"SearchAction","target":{"@type":"EntryPoint","urlTemplate":"https:\/\/dev.domizil-immobilien.de\/hr\/?s={search_term_string}"},"query-input":"required name=search_term_string"}],"inLanguage":"hr"},{"@type":"Organization","@id":"https:\/\/dev.domizil-immobilien.de\/hr\/#organization","name":"DOMIZIL d.o.o. Immobilien","url":"https:\/\/dev.domizil-immobilien.de\/hr\/","logo":{"@type":"ImageObject","inLanguage":"hr","@id":"https:\/\/dev.domizil-immobilien.de\/hr\/#\/schema\/logo\/image\/","url":"https:\/\/mlxcr48toaxb.i.optimole.com\/cb:QG4g.13c58\/w:auto\/h:auto\/q:mauto\/https:\/\/dev.domizil-immobilien.de\/wp-content\/uploads\/2020\/02\/logo_domizil_immobilien_weiss-hg-1.svg","contentUrl":"https:\/\/mlxcr48toaxb.i.optimole.com\/cb:QG4g.13c58\/w:auto\/h:auto\/q:mauto\/https:\/\/dev.domizil-immobilien.de\/wp-content\/uploads\/2020\/02\/logo_domizil_immobilien_weiss-hg-1.svg","width":529,"height":490,"caption":"DOMIZIL d.o.o. Immobilien"},"image":{"@id":"https:\/\/dev.domizil-immobilien.de\/hr\/#\/schema\/logo\/image\/"},"sameAs":["https:\/\/www.facebook.com\/domizil.d.o.o.immobilien","https:\/\/twitter.com\/domizil_doo","https:\/\/www.instagram.com\/domizil.d.o.o.immobilien","https:\/\/www.linkedin.com\/company\/domizil-doo","https:\/\/pinterest.com\/domizil_doo","https:\/\/youtube.com\/channel\/UCWyM5cmlbGjR0fEIKPd5jnA"]}]}},"_links":{"self":[{"href":"https:\/\/dev.domizil-immobilien.de\/hr\/wp-json\/wp\/v2\/pages\/67060","targetHints":{"allow":["GET"]}}],"collection":[{"href":"https:\/\/dev.domizil-immobilien.de\/hr\/wp-json\/wp\/v2\/pages"}],"about":[{"href":"https:\/\/dev.domizil-immobilien.de\/hr\/wp-json\/wp\/v2\/types\/page"}],"author":[{"embeddable":true,"href":"https:\/\/dev.domizil-immobilien.de\/hr\/wp-json\/wp\/v2\/users\/1"}],"replies":[{"embeddable":true,"href":"https:\/\/dev.domizil-immobilien.de\/hr\/wp-json\/wp\/v2\/comments?post=67060"}],"version-history":[{"count":0,"href":"https:\/\/dev.domizil-immobilien.de\/hr\/wp-json\/wp\/v2\/pages\/67060\/revisions"}],"wp:attachment":[{"href":"https:\/\/dev.domizil-immobilien.de\/hr\/wp-json\/wp\/v2\/media?parent=67060"}],"curies":[{"name":"wp","href":"https:\/\/api.w.org\/{rel}","templated":true}]}}